{"id":3029,"date":"2023-02-10T08:25:21","date_gmt":"2023-02-10T08:25:21","guid":{"rendered":"https:\/\/zluftaj.si\/kontakt\/"},"modified":"2024-11-20T14:37:48","modified_gmt":"2024-11-20T14:37:48","slug":"kontakt","status":"publish","type":"page","link":"https:\/\/zluftaj.si\/hr\/kontakt\/","title":{"rendered":"Kontakt"},"content":{"rendered":"\t\t<div data-elementor-type=\"wp-page\" data-elementor-id=\"3029\" class=\"elementor elementor-3029 elementor-337\">\n\t\t\t\t\t\t<section class=\"elementor-section elementor-top-section elementor-element elementor-element-02e0f3f elementor-section-boxed elementor-section-height-default elementor-section-height-default\" data-id=\"02e0f3f\" data-element_type=\"section\" data-e-type=\"section\">\n\t\t\t\t\t\t<div class=\"elementor-container elementor-column-gap-default\">\n\t\t\t\t\t<div class=\"elementor-column elementor-col-66 elementor-top-column elementor-element elementor-element-c0ce7b3\" data-id=\"c0ce7b3\" data-element_type=\"column\" data-e-type=\"column\">\n\t\t\t<div class=\"elementor-widget-wrap elementor-element-populated\">\n\t\t\t\t\t\t<div class=\"elementor-element elementor-element-0c905cc elementor-widget elementor-widget-wpforms\" data-id=\"0c905cc\" data-element_type=\"widget\" data-e-type=\"widget\" data-widget_type=\"wpforms.default\">\n\t\t\t\t<div class=\"elementor-widget-container\">\n\t\t\t\t\t<div class=\"wpforms-container wpforms-container-full\" id=\"wpforms-1204\"><form id=\"wpforms-form-1204\" class=\"wpforms-validate wpforms-form wpforms-ajax-form\" data-formid=\"1204\" method=\"post\" enctype=\"multipart\/form-data\" action=\"\/hr\/wp-json\/wp\/v2\/pages\/3029\" data-token=\"b4a365dac9a4ab5dee8ace0551f8acca\" data-token-time=\"1777493586\"><div class=\"wpforms-head-container\"><div class=\"wpforms-title\">Kontakt<\/div><\/div><noscript class=\"wpforms-error-noscript\">Please enable JavaScript in your browser to complete this form.<\/noscript><div class=\"wpforms-field-container\"><div id=\"wpforms-1204-field_0-container\" class=\"wpforms-field wpforms-field-name\" data-field-id=\"0\"><label class=\"wpforms-field-label\" for=\"wpforms-1204-field_0\">Ime in priimek <span class=\"wpforms-required-label\">*<\/span><\/label><input type=\"text\" id=\"wpforms-1204-field_0\" class=\"wpforms-field-medium wpforms-field-required\" name=\"wpforms[fields][0]\" required><\/div><div id=\"wpforms-1204-field_8-container\" class=\"wpforms-field wpforms-field-text\" data-field-id=\"8\"><label class=\"wpforms-field-label\" for=\"wpforms-1204-field_8\">Podjetje<\/label><input type=\"text\" id=\"wpforms-1204-field_8\" class=\"wpforms-field-medium\" name=\"wpforms[fields][8]\" ><\/div><div id=\"wpforms-1204-field_5-container\" class=\"wpforms-field wpforms-field-text\" data-field-id=\"5\"><label class=\"wpforms-field-label\" for=\"wpforms-1204-field_5\">Naslov <span class=\"wpforms-required-label\">*<\/span><\/label><input type=\"text\" id=\"wpforms-1204-field_5\" class=\"wpforms-field-medium wpforms-field-required\" name=\"wpforms[fields][5]\" required><\/div><div id=\"wpforms-1204-field_1-container\" class=\"wpforms-field wpforms-field-email\" data-field-id=\"1\"><label class=\"wpforms-field-label\" for=\"wpforms-1204-field_1\">Email <span class=\"wpforms-required-label\">*<\/span><\/label><input type=\"email\" id=\"wpforms-1204-field_1\" class=\"wpforms-field-medium wpforms-field-required\" name=\"wpforms[fields][1]\" spellcheck=\"false\" required><\/div><div id=\"wpforms-1204-field_6-container\" class=\"wpforms-field wpforms-field-number\" data-field-id=\"6\"><label class=\"wpforms-field-label\" for=\"wpforms-1204-field_6\">Telefon<\/label><input type=\"number\" id=\"wpforms-1204-field_6\" class=\"wpforms-field-medium\" name=\"wpforms[fields][6]\" step=\"any\" ><\/div><div id=\"wpforms-1204-field_2-container\" class=\"wpforms-field wpforms-field-textarea\" data-field-id=\"2\"><label class=\"wpforms-field-label\" for=\"wpforms-1204-field_2\">Kratko sporo\u010dilo<\/label><textarea id=\"wpforms-1204-field_2\" class=\"wpforms-field-small\" name=\"wpforms[fields][2]\" ><\/textarea><\/div><div id=\"wpforms-1204-field_9-container\" class=\"wpforms-field wpforms-field-checkbox\" data-field-id=\"9\"><label class=\"wpforms-field-label wpforms-label-hide\">Splo\u0161ni pogoji <span class=\"wpforms-required-label\">*<\/span><\/label><ul id=\"wpforms-1204-field_9\" class=\"wpforms-field-required\"><li class=\"choice-1 depth-1 wpforms-selected\"><input type=\"checkbox\" id=\"wpforms-1204-field_9_1\" name=\"wpforms[fields][9][]\" value=\"Strinjam se s splo\u0161nimi pogoji\" required  checked='checked'><label class=\"wpforms-field-label-inline\" for=\"wpforms-1204-field_9_1\">Strinjam se s splo\u0161nimi pogoji<\/label><\/li><\/ul><\/div><div id=\"wpforms-1204-field_12-container\" class=\"wpforms-field wpforms-field-checkbox\" data-field-id=\"12\"><label class=\"wpforms-field-label wpforms-label-hide\">GDPR <span class=\"wpforms-required-label\">*<\/span><\/label><ul id=\"wpforms-1204-field_12\" class=\"wpforms-field-required\"><li class=\"choice-1 depth-1 wpforms-selected\"><input type=\"checkbox\" id=\"wpforms-1204-field_12_1\" name=\"wpforms[fields][12][]\" value=\"Dovoljujem, da se moji podatki obdelujejo za namen priprave ponudbe .\" required  checked='checked'><label class=\"wpforms-field-label-inline\" for=\"wpforms-1204-field_12_1\">Dovoljujem, da se moji podatki obdelujejo za namen priprave ponudbe .<\/label><\/li><\/ul><\/div><\/div><!-- .wpforms-field-container --><div class=\"wpforms-recaptcha-container wpforms-is-recaptcha wpforms-is-recaptcha-type-v2\" ><div class=\"g-recaptcha\" data-sitekey=\"6LdA1rQkAAAAAO42mm7QNe1YziBu9zAG__c5MohN\"><\/div><input type=\"text\" name=\"g-recaptcha-hidden\" class=\"wpforms-recaptcha-hidden\" style=\"position:absolute!important;clip:rect(0,0,0,0)!important;height:1px!important;width:1px!important;border:0!important;overflow:hidden!important;padding:0!important;margin:0!important;\" data-rule-recaptcha=\"1\"><\/div><div class=\"wpforms-submit-container\" ><input type=\"hidden\" name=\"wpforms[id]\" value=\"1204\"><input type=\"hidden\" name=\"page_title\" value=\"\"><input type=\"hidden\" name=\"page_url\" value=\"https:\/\/zluftaj.si\/hr\/wp-json\/wp\/v2\/pages\/3029\"><input type=\"hidden\" name=\"url_referer\" value=\"\"><button type=\"submit\" name=\"wpforms[submit]\" id=\"wpforms-submit-1204\" class=\"wpforms-submit\" data-alt-text=\"Sending...\" data-submit-text=\"Po\u0161lji\" aria-live=\"assertive\" value=\"wpforms-submit\">Po\u0161lji<\/button><img decoding=\"async\" src=\"https:\/\/zluftaj.si\/wp-content\/plugins\/wpforms-lite\/assets\/images\/submit-spin.svg\" class=\"wpforms-submit-spinner\" style=\"display: none;\" width=\"26\" height=\"26\" alt=\"Loading\"><\/div><\/form><\/div>  <!-- .wpforms-container -->\t\t\t\t<\/div>\n\t\t\t\t<\/div>\n\t\t\t\t\t<\/div>\n\t\t<\/div>\n\t\t\t\t<div class=\"elementor-column elementor-col-33 elementor-top-column elementor-element elementor-element-e451459\" data-id=\"e451459\" data-element_type=\"column\" data-e-type=\"column\">\n\t\t\t<div class=\"elementor-widget-wrap elementor-element-populated\">\n\t\t\t\t\t\t<div class=\"elementor-element elementor-element-594ca0c elementor-widget elementor-widget-image\" data-id=\"594ca0c\" data-element_type=\"widget\" data-e-type=\"widget\" data-widget_type=\"image.default\">\n\t\t\t\t<div class=\"elementor-widget-container\">\n\t\t\t\t\t\t\t\t\t\t\t\t\t\t\t<img fetchpriority=\"high\" decoding=\"async\" width=\"721\" height=\"1024\" src=\"https:\/\/zluftaj.si\/wp-content\/uploads\/2024\/11\/FinCertificateFull_172684_SI53363159_1-1-721x1024.jpg\" class=\"attachment-large size-large wp-image-3918\" alt=\"\" srcset=\"https:\/\/zluftaj.si\/wp-content\/uploads\/2024\/11\/FinCertificateFull_172684_SI53363159_1-1-721x1024.jpg 721w, https:\/\/zluftaj.si\/wp-content\/uploads\/2024\/11\/FinCertificateFull_172684_SI53363159_1-1-211x300.jpg 211w, https:\/\/zluftaj.si\/wp-content\/uploads\/2024\/11\/FinCertificateFull_172684_SI53363159_1-1-768x1090.jpg 768w, https:\/\/zluftaj.si\/wp-content\/uploads\/2024\/11\/FinCertificateFull_172684_SI53363159_1-1-1082x1536.jpg 1082w, https:\/\/zluftaj.si\/wp-content\/uploads\/2024\/11\/FinCertificateFull_172684_SI53363159_1-1-1442x2048.jpg 1442w, https:\/\/zluftaj.si\/wp-content\/uploads\/2024\/11\/FinCertificateFull_172684_SI53363159_1-1-scaled.jpg 1803w\" sizes=\"(max-width: 721px) 100vw, 721px\" \/>\t\t\t\t\t\t\t\t\t\t\t\t\t\t\t<\/div>\n\t\t\t\t<\/div>\n\t\t\t\t\t<\/div>\n\t\t<\/div>\n\t\t\t\t\t<\/div>\n\t\t<\/section>\n\t\t\t\t<section class=\"elementor-section elementor-top-section elementor-element elementor-element-d047cb8 elementor-section-boxed elementor-section-height-default elementor-section-height-default\" data-id=\"d047cb8\" data-element_type=\"section\" data-e-type=\"section\">\n\t\t\t\t\t\t<div class=\"elementor-container elementor-column-gap-default\">\n\t\t\t\t\t<div class=\"elementor-column elementor-col-100 elementor-top-column elementor-element elementor-element-c4c6b7f\" data-id=\"c4c6b7f\" data-element_type=\"column\" data-e-type=\"column\">\n\t\t\t<div class=\"elementor-widget-wrap elementor-element-populated\">\n\t\t\t\t\t\t<div class=\"elementor-element elementor-element-dbf057b elementor-widget elementor-widget-heading\" data-id=\"dbf057b\" data-element_type=\"widget\" data-e-type=\"widget\" data-widget_type=\"heading.default\">\n\t\t\t\t<div class=\"elementor-widget-container\">\n\t\t\t\t\t<h2 class=\"elementor-heading-title elementor-size-default\"><a href=\"http:\/\/zluftaj.si\/splosni-pogoji\/\">Odredbe i uvjeti<\/a><\/h2>\t\t\t\t<\/div>\n\t\t\t\t<\/div>\n\t\t\t\t\t<\/div>\n\t\t<\/div>\n\t\t\t\t\t<\/div>\n\t\t<\/section>\n\t\t\t\t<\/div>\n\t\t","protected":false},"excerpt":{"rendered":"<p>KontaktPlease enable JavaScript in your browser to complete this form.Ime in priimek *PodjetjeNaslov *Email *TelefonKratko sporo\u010diloSplo\u0161ni pogoji * Strinjam se s splo\u0161nimi pogoji GDPR * Dovoljujem, da se moji podatki obdelujejo za namen priprave ponudbe . Po\u0161lji Odredbe i uvjeti<\/p>\n","protected":false},"author":2,"featured_media":2932,"parent":0,"menu_order":0,"comment_status":"closed","ping_status":"closed","template":"","meta":{"site-sidebar-layout":"no-sidebar","site-content-layout":"page-builder","ast-site-content-layout":"full-width-container","site-content-style":"unboxed","site-sidebar-style":"unboxed","ast-global-header-display":"","ast-banner-title-visibility":"","ast-main-header-display":"","ast-hfb-above-header-display":"","ast-hfb-below-header-display":"","ast-hfb-mobile-header-display":"","site-post-title":"disabled","ast-breadcrumbs-content":"","ast-featured-img":"disabled","footer-sml-layout":"","ast-disable-related-posts":"","theme-transparent-header-meta":"","adv-header-id-meta":"","stick-header-meta":"","header-above-stick-meta":"","header-main-stick-meta":"","header-below-stick-meta":"","astra-migrate-meta-layouts":"default","ast-page-background-enabled":"default","ast-page-background-meta":{"desktop":{"background-color":"var(--ast-global-color-4)","background-image":"","background-repeat":"repeat","background-position":"center center","background-size":"auto","background-attachment":"scroll","background-type":"","background-media":"","overlay-type":"","overlay-color":"","overlay-opacity":"","overlay-gradient":""},"tablet":{"background-color":"","background-image":"","background-repeat":"repeat","background-position":"center center","background-size":"auto","background-attachment":"scroll","background-type":"","background-media":"","overlay-type":"","overlay-color":"","overlay-opacity":"","overlay-gradient":""},"mobile":{"background-color":"","background-image":"","background-repeat":"repeat","background-position":"center center","background-size":"auto","background-attachment":"scroll","background-type":"","background-media":"","overlay-type":"","overlay-color":"","overlay-opacity":"","overlay-gradient":""}},"ast-content-background-meta":{"desktop":{"background-color":"var(--ast-global-color-5)","background-image":"","background-repeat":"repeat","background-position":"center center","background-size":"auto","background-attachment":"scroll","background-type":"","background-media":"","overlay-type":"","overlay-color":"","overlay-opacity":"","overlay-gradient":""},"tablet":{"background-color":"var(--ast-global-color-5)","background-image":"","background-repeat":"repeat","background-position":"center center","background-size":"auto","background-attachment":"scroll","background-type":"","background-media":"","overlay-type":"","overlay-color":"","overlay-opacity":"","overlay-gradient":""},"mobile":{"background-color":"var(--ast-global-color-5)","background-image":"","background-repeat":"repeat","background-position":"center center","background-size":"auto","background-attachment":"scroll","background-type":"","background-media":"","overlay-type":"","overlay-color":"","overlay-opacity":"","overlay-gradient":""}},"footnotes":""},"class_list":["post-3029","page","type-page","status-publish","has-post-thumbnail","hentry"],"yoast_head":"<!-- This site is optimized with the Yoast SEO plugin v27.4 - https:\/\/yoast.com\/product\/yoast-seo-wordpress\/ -->\n<title>Kontakt - zluftaj.si<\/title>\n<meta name=\"description\" content=\"Zluftaj.si - Va\u0161 dom pretvaramo u dom s idealnom vlagom, bez plijesni i koji je uvijek idealno prozra\u010den. Nazovite: 041 444 590.\" \/>\n<meta name=\"robots\" content=\"index, follow, max-snippet:-1, max-image-preview:large, max-video-preview:-1\" \/>\n<link rel=\"canonical\" href=\"https:\/\/zluftaj.si\/hr\/kontakt\/\" \/>\n<meta property=\"og:locale\" content=\"hr_HR\" \/>\n<meta property=\"og:type\" content=\"article\" \/>\n<meta property=\"og:title\" content=\"Kontakt - zluftaj.si\" \/>\n<meta property=\"og:description\" content=\"Zluftaj.si - Va\u0161 dom pretvaramo u dom s idealnom vlagom, bez plijesni i koji je uvijek idealno prozra\u010den. Nazovite: 041 444 590.\" \/>\n<meta property=\"og:url\" content=\"https:\/\/zluftaj.si\/hr\/kontakt\/\" \/>\n<meta property=\"og:site_name\" content=\"zluftaj.si\" \/>\n<meta property=\"article:modified_time\" content=\"2024-11-20T14:37:48+00:00\" \/>\n<meta property=\"og:image\" content=\"https:\/\/zluftaj.si\/wp-content\/uploads\/2023\/02\/icon-1.png\" \/>\n\t<meta property=\"og:image:width\" content=\"100\" \/>\n\t<meta property=\"og:image:height\" content=\"100\" \/>\n\t<meta property=\"og:image:type\" content=\"image\/png\" \/>\n<meta name=\"twitter:card\" content=\"summary_large_image\" \/>\n<script type=\"application\/ld+json\" class=\"yoast-schema-graph\">{\"@context\":\"https:\\\/\\\/schema.org\",\"@graph\":[{\"@type\":\"WebPage\",\"@id\":\"https:\\\/\\\/zluftaj.si\\\/hr\\\/kontakt\\\/\",\"url\":\"https:\\\/\\\/zluftaj.si\\\/hr\\\/kontakt\\\/\",\"name\":\"Kontakt - zluftaj.si\",\"isPartOf\":{\"@id\":\"https:\\\/\\\/zluftaj.si\\\/hr\\\/#website\"},\"primaryImageOfPage\":{\"@id\":\"https:\\\/\\\/zluftaj.si\\\/hr\\\/kontakt\\\/#primaryimage\"},\"image\":{\"@id\":\"https:\\\/\\\/zluftaj.si\\\/hr\\\/kontakt\\\/#primaryimage\"},\"thumbnailUrl\":\"https:\\\/\\\/zluftaj.si\\\/wp-content\\\/uploads\\\/2023\\\/02\\\/icon-1.png\",\"datePublished\":\"2023-02-10T08:25:21+00:00\",\"dateModified\":\"2024-11-20T14:37:48+00:00\",\"description\":\"Zluftaj.si - Va\u0161 dom pretvaramo u dom s idealnom vlagom, bez plijesni i koji je uvijek idealno prozra\u010den. Nazovite: 041 444 590.\",\"breadcrumb\":{\"@id\":\"https:\\\/\\\/zluftaj.si\\\/hr\\\/kontakt\\\/#breadcrumb\"},\"inLanguage\":\"hr\",\"potentialAction\":[{\"@type\":\"ReadAction\",\"target\":[\"https:\\\/\\\/zluftaj.si\\\/hr\\\/kontakt\\\/\"]}]},{\"@type\":\"ImageObject\",\"inLanguage\":\"hr\",\"@id\":\"https:\\\/\\\/zluftaj.si\\\/hr\\\/kontakt\\\/#primaryimage\",\"url\":\"https:\\\/\\\/zluftaj.si\\\/wp-content\\\/uploads\\\/2023\\\/02\\\/icon-1.png\",\"contentUrl\":\"https:\\\/\\\/zluftaj.si\\\/wp-content\\\/uploads\\\/2023\\\/02\\\/icon-1.png\",\"width\":100,\"height\":100},{\"@type\":\"BreadcrumbList\",\"@id\":\"https:\\\/\\\/zluftaj.si\\\/hr\\\/kontakt\\\/#breadcrumb\",\"itemListElement\":[{\"@type\":\"ListItem\",\"position\":1,\"name\":\"Home\",\"item\":\"https:\\\/\\\/zluftaj.si\\\/hr\\\/pocetna-stran\\\/\"},{\"@type\":\"ListItem\",\"position\":2,\"name\":\"Kontakt\"}]},{\"@type\":\"WebSite\",\"@id\":\"https:\\\/\\\/zluftaj.si\\\/hr\\\/#website\",\"url\":\"https:\\\/\\\/zluftaj.si\\\/hr\\\/\",\"name\":\"zluftaj.si\",\"description\":\"prezra\u010di dom\",\"publisher\":{\"@id\":\"https:\\\/\\\/zluftaj.si\\\/hr\\\/#organization\"},\"potentialAction\":[{\"@type\":\"SearchAction\",\"target\":{\"@type\":\"EntryPoint\",\"urlTemplate\":\"https:\\\/\\\/zluftaj.si\\\/hr\\\/?s={search_term_string}\"},\"query-input\":{\"@type\":\"PropertyValueSpecification\",\"valueRequired\":true,\"valueName\":\"search_term_string\"}}],\"inLanguage\":\"hr\"},{\"@type\":\"Organization\",\"@id\":\"https:\\\/\\\/zluftaj.si\\\/hr\\\/#organization\",\"name\":\"zluftaj.si\",\"url\":\"https:\\\/\\\/zluftaj.si\\\/hr\\\/\",\"logo\":{\"@type\":\"ImageObject\",\"inLanguage\":\"hr\",\"@id\":\"https:\\\/\\\/zluftaj.si\\\/hr\\\/#\\\/schema\\\/logo\\\/image\\\/\",\"url\":\"https:\\\/\\\/zluftaj.si\\\/wp-content\\\/uploads\\\/2023\\\/02\\\/cropped-logo_bel.png\",\"contentUrl\":\"https:\\\/\\\/zluftaj.si\\\/wp-content\\\/uploads\\\/2023\\\/02\\\/cropped-logo_bel.png\",\"width\":1072,\"height\":282,\"caption\":\"zluftaj.si\"},\"image\":{\"@id\":\"https:\\\/\\\/zluftaj.si\\\/hr\\\/#\\\/schema\\\/logo\\\/image\\\/\"}}]}<\/script>\n<!-- \/ Yoast SEO plugin. -->","yoast_head_json":{"title":"Kontakt - zluftaj.si","description":"Zluftaj.si - Va\u0161 dom pretvaramo u dom s idealnom vlagom, bez plijesni i koji je uvijek idealno prozra\u010den. Nazovite: 041 444 590.","robots":{"index":"index","follow":"follow","max-snippet":"max-snippet:-1","max-image-preview":"max-image-preview:large","max-video-preview":"max-video-preview:-1"},"canonical":"https:\/\/zluftaj.si\/hr\/kontakt\/","og_locale":"hr_HR","og_type":"article","og_title":"Kontakt - zluftaj.si","og_description":"Zluftaj.si - Va\u0161 dom pretvaramo u dom s idealnom vlagom, bez plijesni i koji je uvijek idealno prozra\u010den. Nazovite: 041 444 590.","og_url":"https:\/\/zluftaj.si\/hr\/kontakt\/","og_site_name":"zluftaj.si","article_modified_time":"2024-11-20T14:37:48+00:00","og_image":[{"width":100,"height":100,"url":"https:\/\/zluftaj.si\/wp-content\/uploads\/2023\/02\/icon-1.png","type":"image\/png"}],"twitter_card":"summary_large_image","schema":{"@context":"https:\/\/schema.org","@graph":[{"@type":"WebPage","@id":"https:\/\/zluftaj.si\/hr\/kontakt\/","url":"https:\/\/zluftaj.si\/hr\/kontakt\/","name":"Kontakt - zluftaj.si","isPartOf":{"@id":"https:\/\/zluftaj.si\/hr\/#website"},"primaryImageOfPage":{"@id":"https:\/\/zluftaj.si\/hr\/kontakt\/#primaryimage"},"image":{"@id":"https:\/\/zluftaj.si\/hr\/kontakt\/#primaryimage"},"thumbnailUrl":"https:\/\/zluftaj.si\/wp-content\/uploads\/2023\/02\/icon-1.png","datePublished":"2023-02-10T08:25:21+00:00","dateModified":"2024-11-20T14:37:48+00:00","description":"Zluftaj.si - Va\u0161 dom pretvaramo u dom s idealnom vlagom, bez plijesni i koji je uvijek idealno prozra\u010den. Nazovite: 041 444 590.","breadcrumb":{"@id":"https:\/\/zluftaj.si\/hr\/kontakt\/#breadcrumb"},"inLanguage":"hr","potentialAction":[{"@type":"ReadAction","target":["https:\/\/zluftaj.si\/hr\/kontakt\/"]}]},{"@type":"ImageObject","inLanguage":"hr","@id":"https:\/\/zluftaj.si\/hr\/kontakt\/#primaryimage","url":"https:\/\/zluftaj.si\/wp-content\/uploads\/2023\/02\/icon-1.png","contentUrl":"https:\/\/zluftaj.si\/wp-content\/uploads\/2023\/02\/icon-1.png","width":100,"height":100},{"@type":"BreadcrumbList","@id":"https:\/\/zluftaj.si\/hr\/kontakt\/#breadcrumb","itemListElement":[{"@type":"ListItem","position":1,"name":"Home","item":"https:\/\/zluftaj.si\/hr\/pocetna-stran\/"},{"@type":"ListItem","position":2,"name":"Kontakt"}]},{"@type":"WebSite","@id":"https:\/\/zluftaj.si\/hr\/#website","url":"https:\/\/zluftaj.si\/hr\/","name":"zluftaj.si","description":"prezra\u010di dom","publisher":{"@id":"https:\/\/zluftaj.si\/hr\/#organization"},"potentialAction":[{"@type":"SearchAction","target":{"@type":"EntryPoint","urlTemplate":"https:\/\/zluftaj.si\/hr\/?s={search_term_string}"},"query-input":{"@type":"PropertyValueSpecification","valueRequired":true,"valueName":"search_term_string"}}],"inLanguage":"hr"},{"@type":"Organization","@id":"https:\/\/zluftaj.si\/hr\/#organization","name":"zluftaj.si","url":"https:\/\/zluftaj.si\/hr\/","logo":{"@type":"ImageObject","inLanguage":"hr","@id":"https:\/\/zluftaj.si\/hr\/#\/schema\/logo\/image\/","url":"https:\/\/zluftaj.si\/wp-content\/uploads\/2023\/02\/cropped-logo_bel.png","contentUrl":"https:\/\/zluftaj.si\/wp-content\/uploads\/2023\/02\/cropped-logo_bel.png","width":1072,"height":282,"caption":"zluftaj.si"},"image":{"@id":"https:\/\/zluftaj.si\/hr\/#\/schema\/logo\/image\/"}}]}},"_links":{"self":[{"href":"https:\/\/zluftaj.si\/hr\/wp-json\/wp\/v2\/pages\/3029","targetHints":{"allow":["GET"]}}],"collection":[{"href":"https:\/\/zluftaj.si\/hr\/wp-json\/wp\/v2\/pages"}],"about":[{"href":"https:\/\/zluftaj.si\/hr\/wp-json\/wp\/v2\/types\/page"}],"author":[{"embeddable":true,"href":"https:\/\/zluftaj.si\/hr\/wp-json\/wp\/v2\/users\/2"}],"replies":[{"embeddable":true,"href":"https:\/\/zluftaj.si\/hr\/wp-json\/wp\/v2\/comments?post=3029"}],"version-history":[{"count":9,"href":"https:\/\/zluftaj.si\/hr\/wp-json\/wp\/v2\/pages\/3029\/revisions"}],"predecessor-version":[{"id":3943,"href":"https:\/\/zluftaj.si\/hr\/wp-json\/wp\/v2\/pages\/3029\/revisions\/3943"}],"wp:featuredmedia":[{"embeddable":true,"href":"https:\/\/zluftaj.si\/hr\/wp-json\/wp\/v2\/media\/2932"}],"wp:attachment":[{"href":"https:\/\/zluftaj.si\/hr\/wp-json\/wp\/v2\/media?parent=3029"}],"curies":[{"name":"wp","href":"https:\/\/api.w.org\/{rel}","templated":true}]}}