{"id":3125,"date":"2024-03-27T08:37:15","date_gmt":"2024-03-27T08:37:15","guid":{"rendered":"https:\/\/zluftaj.si\/klima-uredaji\/"},"modified":"2024-09-02T15:24:07","modified_gmt":"2024-09-02T15:24:07","slug":"klima-uredaji","status":"publish","type":"page","link":"https:\/\/zluftaj.si\/hr\/klima-uredaji\/","title":{"rendered":"Klima ure\u0111aji"},"content":{"rendered":"\t\t<div data-elementor-type=\"wp-page\" data-elementor-id=\"3125\" class=\"elementor elementor-3125 elementor-2521\">\n\t\t\t\t\t\t<section class=\"elementor-section elementor-top-section elementor-element elementor-element-757897f elementor-section-boxed elementor-section-height-default elementor-section-height-default\" data-id=\"757897f\" data-element_type=\"section\" data-e-type=\"section\" data-settings=\"{&quot;background_background&quot;:&quot;classic&quot;,&quot;animation&quot;:&quot;none&quot;}\">\n\t\t\t\t\t\t<div class=\"elementor-container elementor-column-gap-default\">\n\t\t\t\t\t<div class=\"elementor-column elementor-col-100 elementor-top-column elementor-element elementor-element-160b299\" data-id=\"160b299\" data-element_type=\"column\" data-e-type=\"column\" data-settings=\"{&quot;background_background&quot;:&quot;classic&quot;}\">\n\t\t\t<div class=\"elementor-widget-wrap elementor-element-populated\">\n\t\t\t\t\t\t<div class=\"elementor-element elementor-element-ad20024 elementor-widget elementor-widget-heading\" data-id=\"ad20024\" data-element_type=\"widget\" data-e-type=\"widget\" data-widget_type=\"heading.default\">\n\t\t\t\t<div class=\"elementor-widget-container\">\n\t\t\t\t\t<h2 class=\"elementor-heading-title elementor-size-default\">U\u010cINKOVITO grijanje i hla\u0111enje toshiba klima ure\u0111ajima<\/h2>\t\t\t\t<\/div>\n\t\t\t\t<\/div>\n\t\t\t\t\t<\/div>\n\t\t<\/div>\n\t\t\t\t\t<\/div>\n\t\t<\/section>\n\t\t\t\t<section class=\"elementor-section elementor-top-section elementor-element elementor-element-c67976f elementor-section-boxed elementor-section-height-default elementor-section-height-default\" data-id=\"c67976f\" data-element_type=\"section\" data-e-type=\"section\">\n\t\t\t\t\t\t<div class=\"elementor-container elementor-column-gap-default\">\n\t\t\t\t\t<div class=\"elementor-column elementor-col-100 elementor-top-column elementor-element elementor-element-0b080b2\" data-id=\"0b080b2\" data-element_type=\"column\" data-e-type=\"column\">\n\t\t\t<div class=\"elementor-widget-wrap elementor-element-populated\">\n\t\t\t\t\t\t<div class=\"elementor-element elementor-element-c1b6a3b elementor-widget elementor-widget-text-editor\" data-id=\"c1b6a3b\" data-element_type=\"widget\" data-e-type=\"widget\" data-widget_type=\"text-editor.default\">\n\t\t\t\t<div class=\"elementor-widget-container\">\n\t\t\t\t\t\t\t\t\t<p>U\u017eivajte u idealnoj temperaturi uz Toshiba klima ure\u0111aje, va\u0161e vjerne pratioce tijekom svih godi\u0161njih doba. Otkrijte udobnost koja prati va\u0161e \u017eelje i \u010dini svaki dan jo\u0161 ugodnijim.<\/p>\n\t\t\t\t\t\t\t\t<\/div>\n\t\t\t\t<\/div>\n\t\t\t\t\t<\/div>\n\t\t<\/div>\n\t\t\t\t\t<\/div>\n\t\t<\/section>\n\t\t\t\t<section class=\"elementor-section elementor-top-section elementor-element elementor-element-412857e elementor-section-boxed elementor-section-height-default elementor-section-height-default\" data-id=\"412857e\" data-element_type=\"section\" data-e-type=\"section\">\n\t\t\t\t\t\t<div class=\"elementor-container elementor-column-gap-default\">\n\t\t\t\t\t<div class=\"elementor-column elementor-col-100 elementor-top-column elementor-element elementor-element-c05564f\" data-id=\"c05564f\" data-element_type=\"column\" data-e-type=\"column\">\n\t\t\t<div class=\"elementor-widget-wrap elementor-element-populated\">\n\t\t\t\t\t\t<div class=\"elementor-element elementor-element-0bced46 elementor-widget elementor-widget-spacer\" data-id=\"0bced46\" data-element_type=\"widget\" data-e-type=\"widget\" data-widget_type=\"spacer.default\">\n\t\t\t\t<div class=\"elementor-widget-container\">\n\t\t\t\t\t\t\t<div class=\"elementor-spacer\">\n\t\t\t<div class=\"elementor-spacer-inner\"><\/div>\n\t\t<\/div>\n\t\t\t\t\t\t<\/div>\n\t\t\t\t<\/div>\n\t\t\t\t\t<\/div>\n\t\t<\/div>\n\t\t\t\t\t<\/div>\n\t\t<\/section>\n\t\t\t\t<section class=\"elementor-section elementor-top-section elementor-element elementor-element-898feb7 elementor-section-boxed elementor-section-height-default elementor-section-height-default\" data-id=\"898feb7\" data-element_type=\"section\" data-e-type=\"section\">\n\t\t\t\t\t\t<div class=\"elementor-container elementor-column-gap-default\">\n\t\t\t\t\t<div class=\"elementor-column elementor-col-25 elementor-top-column elementor-element elementor-element-62d13b2\" data-id=\"62d13b2\" data-element_type=\"column\" data-e-type=\"column\" data-settings=\"{&quot;background_background&quot;:&quot;gradient&quot;}\">\n\t\t\t<div class=\"elementor-widget-wrap elementor-element-populated\">\n\t\t\t\t\t\t<div class=\"elementor-element elementor-element-1ad410b elementor-invisible elementor-widget elementor-widget-heading\" data-id=\"1ad410b\" data-element_type=\"widget\" data-e-type=\"widget\" data-settings=\"{&quot;_animation&quot;:&quot;fadeIn&quot;}\" data-widget_type=\"heading.default\">\n\t\t\t\t<div class=\"elementor-widget-container\">\n\t\t\t\t\t<h2 class=\"elementor-heading-title elementor-size-default\"><a href=\"https:\/\/zluftaj.si\/hr\/toshiba-haori\/\">Haori<\/a><\/h2>\t\t\t\t<\/div>\n\t\t\t\t<\/div>\n\t\t\t\t<div class=\"elementor-element elementor-element-6460b60 elementor-widget elementor-widget-image\" data-id=\"6460b60\" data-element_type=\"widget\" data-e-type=\"widget\" data-widget_type=\"image.default\">\n\t\t\t\t<div class=\"elementor-widget-container\">\n\t\t\t\t\t\t\t\t\t\t\t\t\t\t\t\t<a href=\"https:\/\/zluftaj.si\/hr\/toshiba-haori\/\">\n\t\t\t\t\t\t\t<img fetchpriority=\"high\" decoding=\"async\" width=\"300\" height=\"300\" src=\"https:\/\/zluftaj.si\/wp-content\/uploads\/2024\/03\/haori-klima-toshiba-2-300x300.jpg\" class=\"attachment-medium size-medium wp-image-3016\" alt=\"\" srcset=\"https:\/\/zluftaj.si\/wp-content\/uploads\/2024\/03\/haori-klima-toshiba-2-300x300.jpg 300w, https:\/\/zluftaj.si\/wp-content\/uploads\/2024\/03\/haori-klima-toshiba-2-1024x1024.jpg 1024w, https:\/\/zluftaj.si\/wp-content\/uploads\/2024\/03\/haori-klima-toshiba-2-150x150.jpg 150w, https:\/\/zluftaj.si\/wp-content\/uploads\/2024\/03\/haori-klima-toshiba-2-768x768.jpg 768w, https:\/\/zluftaj.si\/wp-content\/uploads\/2024\/03\/haori-klima-toshiba-2.jpg 1080w\" sizes=\"(max-width: 300px) 100vw, 300px\" \/>\t\t\t\t\t\t\t\t<\/a>\n\t\t\t\t\t\t\t\t\t\t\t\t\t\t\t<\/div>\n\t\t\t\t<\/div>\n\t\t\t\t\t<\/div>\n\t\t<\/div>\n\t\t\t\t<div class=\"elementor-column elementor-col-25 elementor-top-column elementor-element elementor-element-a8b2cba\" data-id=\"a8b2cba\" data-element_type=\"column\" data-e-type=\"column\" data-settings=\"{&quot;background_background&quot;:&quot;gradient&quot;}\">\n\t\t\t<div class=\"elementor-widget-wrap elementor-element-populated\">\n\t\t\t\t\t\t<div class=\"elementor-element elementor-element-4797b6c elementor-invisible elementor-widget elementor-widget-heading\" data-id=\"4797b6c\" data-element_type=\"widget\" data-e-type=\"widget\" data-settings=\"{&quot;_animation&quot;:&quot;fadeIn&quot;}\" data-widget_type=\"heading.default\">\n\t\t\t\t<div class=\"elementor-widget-container\">\n\t\t\t\t\t<h2 class=\"elementor-heading-title elementor-size-default\"><a href=\"https:\/\/zluftaj.si\/hr\/toshiba-shorai-edge\/\">Shorai Edge Black &amp; White<\/a><\/h2>\t\t\t\t<\/div>\n\t\t\t\t<\/div>\n\t\t\t\t<div class=\"elementor-element elementor-element-413c324 elementor-widget elementor-widget-image\" data-id=\"413c324\" data-element_type=\"widget\" data-e-type=\"widget\" data-widget_type=\"image.default\">\n\t\t\t\t<div class=\"elementor-widget-container\">\n\t\t\t\t\t\t\t\t\t\t\t\t\t\t\t\t<a href=\"https:\/\/zluftaj.si\/hr\/toshiba-shorai-edge\/\">\n\t\t\t\t\t\t\t<img decoding=\"async\" width=\"300\" height=\"300\" src=\"https:\/\/zluftaj.si\/wp-content\/uploads\/2024\/03\/shorai-toshiba-black-and-white-300x300.png\" class=\"attachment-medium size-medium wp-image-3019\" alt=\"\" srcset=\"https:\/\/zluftaj.si\/wp-content\/uploads\/2024\/03\/shorai-toshiba-black-and-white-300x300.png 300w, https:\/\/zluftaj.si\/wp-content\/uploads\/2024\/03\/shorai-toshiba-black-and-white-1024x1024.png 1024w, https:\/\/zluftaj.si\/wp-content\/uploads\/2024\/03\/shorai-toshiba-black-and-white-150x150.png 150w, https:\/\/zluftaj.si\/wp-content\/uploads\/2024\/03\/shorai-toshiba-black-and-white-768x768.png 768w, https:\/\/zluftaj.si\/wp-content\/uploads\/2024\/03\/shorai-toshiba-black-and-white.png 1080w\" sizes=\"(max-width: 300px) 100vw, 300px\" \/>\t\t\t\t\t\t\t\t<\/a>\n\t\t\t\t\t\t\t\t\t\t\t\t\t\t\t<\/div>\n\t\t\t\t<\/div>\n\t\t\t\t\t<\/div>\n\t\t<\/div>\n\t\t\t\t<div class=\"elementor-column elementor-col-25 elementor-top-column elementor-element elementor-element-1662597\" data-id=\"1662597\" data-element_type=\"column\" data-e-type=\"column\" data-settings=\"{&quot;background_background&quot;:&quot;classic&quot;}\">\n\t\t\t<div class=\"elementor-widget-wrap elementor-element-populated\">\n\t\t\t\t\t\t<div class=\"elementor-element elementor-element-f576f13 elementor-widget elementor-widget-heading\" data-id=\"f576f13\" data-element_type=\"widget\" data-e-type=\"widget\" data-widget_type=\"heading.default\">\n\t\t\t\t<div class=\"elementor-widget-container\">\n\t\t\t\t\t<h2 class=\"elementor-heading-title elementor-size-default\"><a href=\"https:\/\/zluftaj.si\/klimatska-naprava-toshiba-daisekai\/\">Daiseikai 10<\/a><\/h2>\t\t\t\t<\/div>\n\t\t\t\t<\/div>\n\t\t\t\t<div class=\"elementor-element elementor-element-140e623 elementor-widget elementor-widget-image\" data-id=\"140e623\" data-element_type=\"widget\" data-e-type=\"widget\" data-widget_type=\"image.default\">\n\t\t\t\t<div class=\"elementor-widget-container\">\n\t\t\t\t\t\t\t\t\t\t\t\t\t\t\t\t<a href=\"https:\/\/zluftaj.si\/klimatska-naprava-toshiba-daisekai\/\">\n\t\t\t\t\t\t\t<img decoding=\"async\" width=\"300\" height=\"300\" src=\"https:\/\/zluftaj.si\/wp-content\/uploads\/2024\/03\/daisekai-10-300x300.jpg\" class=\"attachment-medium size-medium wp-image-3024\" alt=\"\" srcset=\"https:\/\/zluftaj.si\/wp-content\/uploads\/2024\/03\/daisekai-10-300x300.jpg 300w, https:\/\/zluftaj.si\/wp-content\/uploads\/2024\/03\/daisekai-10-1024x1024.jpg 1024w, https:\/\/zluftaj.si\/wp-content\/uploads\/2024\/03\/daisekai-10-150x150.jpg 150w, https:\/\/zluftaj.si\/wp-content\/uploads\/2024\/03\/daisekai-10-768x768.jpg 768w, https:\/\/zluftaj.si\/wp-content\/uploads\/2024\/03\/daisekai-10.jpg 1080w\" sizes=\"(max-width: 300px) 100vw, 300px\" \/>\t\t\t\t\t\t\t\t<\/a>\n\t\t\t\t\t\t\t\t\t\t\t\t\t\t\t<\/div>\n\t\t\t\t<\/div>\n\t\t\t\t\t<\/div>\n\t\t<\/div>\n\t\t\t\t<div class=\"elementor-column elementor-col-25 elementor-top-column elementor-element elementor-element-b35150b\" data-id=\"b35150b\" data-element_type=\"column\" data-e-type=\"column\" data-settings=\"{&quot;background_background&quot;:&quot;classic&quot;}\">\n\t\t\t<div class=\"elementor-widget-wrap elementor-element-populated\">\n\t\t\t\t\t\t<div class=\"elementor-element elementor-element-ef93e39 elementor-widget elementor-widget-heading\" data-id=\"ef93e39\" data-element_type=\"widget\" data-e-type=\"widget\" data-widget_type=\"heading.default\">\n\t\t\t\t<div class=\"elementor-widget-container\">\n\t\t\t\t\t<h2 class=\"elementor-heading-title elementor-size-default\"><a href=\"https:\/\/zluftaj.si\/hr\/toshiba-konzola\/\">Toshiba konzola<\/a><\/h2>\t\t\t\t<\/div>\n\t\t\t\t<\/div>\n\t\t\t\t<div class=\"elementor-element elementor-element-a34a372 elementor-widget elementor-widget-image\" data-id=\"a34a372\" data-element_type=\"widget\" data-e-type=\"widget\" data-widget_type=\"image.default\">\n\t\t\t\t<div class=\"elementor-widget-container\">\n\t\t\t\t\t\t\t\t\t\t\t\t\t\t\t\t<a href=\"https:\/\/zluftaj.si\/hr\/toshiba-konzola\/\">\n\t\t\t\t\t\t\t<img loading=\"lazy\" decoding=\"async\" width=\"300\" height=\"300\" src=\"https:\/\/zluftaj.si\/wp-content\/uploads\/2024\/03\/toshiba-konzola-300x300.jpg\" class=\"attachment-medium size-medium wp-image-3022\" alt=\"\" srcset=\"https:\/\/zluftaj.si\/wp-content\/uploads\/2024\/03\/toshiba-konzola-300x300.jpg 300w, https:\/\/zluftaj.si\/wp-content\/uploads\/2024\/03\/toshiba-konzola-1024x1024.jpg 1024w, https:\/\/zluftaj.si\/wp-content\/uploads\/2024\/03\/toshiba-konzola-150x150.jpg 150w, https:\/\/zluftaj.si\/wp-content\/uploads\/2024\/03\/toshiba-konzola-768x768.jpg 768w, https:\/\/zluftaj.si\/wp-content\/uploads\/2024\/03\/toshiba-konzola.jpg 1080w\" sizes=\"(max-width: 300px) 100vw, 300px\" \/>\t\t\t\t\t\t\t\t<\/a>\n\t\t\t\t\t\t\t\t\t\t\t\t\t\t\t<\/div>\n\t\t\t\t<\/div>\n\t\t\t\t\t<\/div>\n\t\t<\/div>\n\t\t\t\t\t<\/div>\n\t\t<\/section>\n\t\t\t\t<section class=\"elementor-section elementor-top-section elementor-element elementor-element-2b6aed4 elementor-section-boxed elementor-section-height-default elementor-section-height-default\" data-id=\"2b6aed4\" data-element_type=\"section\" data-e-type=\"section\">\n\t\t\t\t\t\t<div class=\"elementor-container elementor-column-gap-default\">\n\t\t\t\t\t<div class=\"elementor-column elementor-col-100 elementor-top-column elementor-element elementor-element-68f32d1\" data-id=\"68f32d1\" data-element_type=\"column\" data-e-type=\"column\">\n\t\t\t<div class=\"elementor-widget-wrap elementor-element-populated\">\n\t\t\t\t\t\t<div class=\"elementor-element elementor-element-70f4bbb elementor-widget elementor-widget-spacer\" data-id=\"70f4bbb\" data-element_type=\"widget\" data-e-type=\"widget\" data-widget_type=\"spacer.default\">\n\t\t\t\t<div class=\"elementor-widget-container\">\n\t\t\t\t\t\t\t<div class=\"elementor-spacer\">\n\t\t\t<div class=\"elementor-spacer-inner\"><\/div>\n\t\t<\/div>\n\t\t\t\t\t\t<\/div>\n\t\t\t\t<\/div>\n\t\t\t\t\t<\/div>\n\t\t<\/div>\n\t\t\t\t\t<\/div>\n\t\t<\/section>\n\t\t\t\t<\/div>\n\t\t","protected":false},"excerpt":{"rendered":"<p>U\u010cINKOVITO grijanje i hla\u0111enje toshiba klima ure\u0111ajima U\u017eivajte u idealnoj temperaturi uz Toshiba klima ure\u0111aje, va\u0161e vjerne pratioce tijekom svih godi\u0161njih doba. Otkrijte udobnost koja prati va\u0161e \u017eelje i \u010dini svaki dan jo\u0161 ugodnijim. Haori Shorai Edge Black &amp; White Daiseikai 10 Toshiba konzola<\/p>\n","protected":false},"author":2,"featured_media":0,"parent":0,"menu_order":0,"comment_status":"closed","ping_status":"closed","template":"","meta":{"site-sidebar-layout":"no-sidebar","site-content-layout":"page-builder","ast-site-content-layout":"full-width-container","site-content-style":"default","site-sidebar-style":"default","ast-global-header-display":"","ast-banner-title-visibility":"","ast-main-header-display":"","ast-hfb-above-header-display":"","ast-hfb-below-header-display":"","ast-hfb-mobile-header-display":"","site-post-title":"disabled","ast-breadcrumbs-content":"","ast-featured-img":"disabled","footer-sml-layout":"","ast-disable-related-posts":"","theme-transparent-header-meta":"","adv-header-id-meta":"","stick-header-meta":"","header-above-stick-meta":"","header-main-stick-meta":"","header-below-stick-meta":"","astra-migrate-meta-layouts":"default","ast-page-background-enabled":"default","ast-page-background-meta":{"desktop":{"background-color":"var(--ast-global-color-4)","background-image":"","background-repeat":"repeat","background-position":"center center","background-size":"auto","background-attachment":"scroll","background-type":"","background-media":"","overlay-type":"","overlay-color":"","overlay-opacity":"","overlay-gradient":""},"tablet":{"background-color":"","background-image":"","background-repeat":"repeat","background-position":"center center","background-size":"auto","background-attachment":"scroll","background-type":"","background-media":"","overlay-type":"","overlay-color":"","overlay-opacity":"","overlay-gradient":""},"mobile":{"background-color":"","background-image":"","background-repeat":"repeat","background-position":"center center","background-size":"auto","background-attachment":"scroll","background-type":"","background-media":"","overlay-type":"","overlay-color":"","overlay-opacity":"","overlay-gradient":""}},"ast-content-background-meta":{"desktop":{"background-color":"var(--ast-global-color-5)","background-image":"","background-repeat":"repeat","background-position":"center center","background-size":"auto","background-attachment":"scroll","background-type":"","background-media":"","overlay-type":"","overlay-color":"","overlay-opacity":"","overlay-gradient":""},"tablet":{"background-color":"var(--ast-global-color-5)","background-image":"","background-repeat":"repeat","background-position":"center center","background-size":"auto","background-attachment":"scroll","background-type":"","background-media":"","overlay-type":"","overlay-color":"","overlay-opacity":"","overlay-gradient":""},"mobile":{"background-color":"var(--ast-global-color-5)","background-image":"","background-repeat":"repeat","background-position":"center center","background-size":"auto","background-attachment":"scroll","background-type":"","background-media":"","overlay-type":"","overlay-color":"","overlay-opacity":"","overlay-gradient":""}},"footnotes":""},"class_list":["post-3125","page","type-page","status-publish","hentry"],"yoast_head":"<!-- This site is optimized with the Yoast SEO plugin v27.3 - https:\/\/yoast.com\/product\/yoast-seo-wordpress\/ -->\n<title>Klima ure\u0111aji - zluftaj.si<\/title>\n<meta name=\"description\" content=\"Dobro do\u0161li u najbolji izbor Toshiba klima ure\u0111aja. Vrhunska kvaliteta i zavidan dizajn.\" \/>\n<meta name=\"robots\" content=\"index, follow, max-snippet:-1, max-image-preview:large, max-video-preview:-1\" \/>\n<link rel=\"canonical\" href=\"https:\/\/zluftaj.si\/hr\/klima-uredaji\/\" \/>\n<meta property=\"og:locale\" content=\"hr_HR\" \/>\n<meta property=\"og:type\" content=\"article\" \/>\n<meta property=\"og:title\" content=\"Klima ure\u0111aji - zluftaj.si\" \/>\n<meta property=\"og:description\" content=\"Dobro do\u0161li u najbolji izbor Toshiba klima ure\u0111aja. Vrhunska kvaliteta i zavidan dizajn.\" \/>\n<meta property=\"og:url\" content=\"https:\/\/zluftaj.si\/hr\/klima-uredaji\/\" \/>\n<meta property=\"og:site_name\" content=\"zluftaj.si\" \/>\n<meta property=\"article:modified_time\" content=\"2024-09-02T15:24:07+00:00\" \/>\n<meta property=\"og:image\" content=\"https:\/\/zluftaj.si\/wp-content\/uploads\/2024\/03\/haori-klima-toshiba-2-300x300.jpg\" \/>\n<meta name=\"twitter:card\" content=\"summary_large_image\" \/>\n<script type=\"application\/ld+json\" class=\"yoast-schema-graph\">{\"@context\":\"https:\\\/\\\/schema.org\",\"@graph\":[{\"@type\":\"WebPage\",\"@id\":\"https:\\\/\\\/zluftaj.si\\\/hr\\\/klima-uredaji\\\/\",\"url\":\"https:\\\/\\\/zluftaj.si\\\/hr\\\/klima-uredaji\\\/\",\"name\":\"Klima ure\u0111aji - zluftaj.si\",\"isPartOf\":{\"@id\":\"https:\\\/\\\/zluftaj.si\\\/hr\\\/#website\"},\"primaryImageOfPage\":{\"@id\":\"https:\\\/\\\/zluftaj.si\\\/hr\\\/klima-uredaji\\\/#primaryimage\"},\"image\":{\"@id\":\"https:\\\/\\\/zluftaj.si\\\/hr\\\/klima-uredaji\\\/#primaryimage\"},\"thumbnailUrl\":\"https:\\\/\\\/zluftaj.si\\\/wp-content\\\/uploads\\\/2024\\\/03\\\/haori-klima-toshiba-2-300x300.jpg\",\"datePublished\":\"2024-03-27T08:37:15+00:00\",\"dateModified\":\"2024-09-02T15:24:07+00:00\",\"description\":\"Dobro do\u0161li u najbolji izbor Toshiba klima ure\u0111aja. Vrhunska kvaliteta i zavidan dizajn.\",\"breadcrumb\":{\"@id\":\"https:\\\/\\\/zluftaj.si\\\/hr\\\/klima-uredaji\\\/#breadcrumb\"},\"inLanguage\":\"hr\",\"potentialAction\":[{\"@type\":\"ReadAction\",\"target\":[\"https:\\\/\\\/zluftaj.si\\\/hr\\\/klima-uredaji\\\/\"]}]},{\"@type\":\"ImageObject\",\"inLanguage\":\"hr\",\"@id\":\"https:\\\/\\\/zluftaj.si\\\/hr\\\/klima-uredaji\\\/#primaryimage\",\"url\":\"https:\\\/\\\/zluftaj.si\\\/wp-content\\\/uploads\\\/2024\\\/03\\\/haori-klima-toshiba-2-300x300.jpg\",\"contentUrl\":\"https:\\\/\\\/zluftaj.si\\\/wp-content\\\/uploads\\\/2024\\\/03\\\/haori-klima-toshiba-2-300x300.jpg\"},{\"@type\":\"BreadcrumbList\",\"@id\":\"https:\\\/\\\/zluftaj.si\\\/hr\\\/klima-uredaji\\\/#breadcrumb\",\"itemListElement\":[{\"@type\":\"ListItem\",\"position\":1,\"name\":\"Home\",\"item\":\"https:\\\/\\\/zluftaj.si\\\/hr\\\/pocetna-stran\\\/\"},{\"@type\":\"ListItem\",\"position\":2,\"name\":\"Klima ure\u0111aji\"}]},{\"@type\":\"WebSite\",\"@id\":\"https:\\\/\\\/zluftaj.si\\\/hr\\\/#website\",\"url\":\"https:\\\/\\\/zluftaj.si\\\/hr\\\/\",\"name\":\"zluftaj.si\",\"description\":\"prezra\u010di dom\",\"publisher\":{\"@id\":\"https:\\\/\\\/zluftaj.si\\\/hr\\\/#organization\"},\"potentialAction\":[{\"@type\":\"SearchAction\",\"target\":{\"@type\":\"EntryPoint\",\"urlTemplate\":\"https:\\\/\\\/zluftaj.si\\\/hr\\\/?s={search_term_string}\"},\"query-input\":{\"@type\":\"PropertyValueSpecification\",\"valueRequired\":true,\"valueName\":\"search_term_string\"}}],\"inLanguage\":\"hr\"},{\"@type\":\"Organization\",\"@id\":\"https:\\\/\\\/zluftaj.si\\\/hr\\\/#organization\",\"name\":\"zluftaj.si\",\"url\":\"https:\\\/\\\/zluftaj.si\\\/hr\\\/\",\"logo\":{\"@type\":\"ImageObject\",\"inLanguage\":\"hr\",\"@id\":\"https:\\\/\\\/zluftaj.si\\\/hr\\\/#\\\/schema\\\/logo\\\/image\\\/\",\"url\":\"https:\\\/\\\/zluftaj.si\\\/wp-content\\\/uploads\\\/2023\\\/02\\\/cropped-logo_bel.png\",\"contentUrl\":\"https:\\\/\\\/zluftaj.si\\\/wp-content\\\/uploads\\\/2023\\\/02\\\/cropped-logo_bel.png\",\"width\":1072,\"height\":282,\"caption\":\"zluftaj.si\"},\"image\":{\"@id\":\"https:\\\/\\\/zluftaj.si\\\/hr\\\/#\\\/schema\\\/logo\\\/image\\\/\"}}]}<\/script>\n<!-- \/ Yoast SEO plugin. -->","yoast_head_json":{"title":"Klima ure\u0111aji - zluftaj.si","description":"Dobro do\u0161li u najbolji izbor Toshiba klima ure\u0111aja. Vrhunska kvaliteta i zavidan dizajn.","robots":{"index":"index","follow":"follow","max-snippet":"max-snippet:-1","max-image-preview":"max-image-preview:large","max-video-preview":"max-video-preview:-1"},"canonical":"https:\/\/zluftaj.si\/hr\/klima-uredaji\/","og_locale":"hr_HR","og_type":"article","og_title":"Klima ure\u0111aji - zluftaj.si","og_description":"Dobro do\u0161li u najbolji izbor Toshiba klima ure\u0111aja. Vrhunska kvaliteta i zavidan dizajn.","og_url":"https:\/\/zluftaj.si\/hr\/klima-uredaji\/","og_site_name":"zluftaj.si","article_modified_time":"2024-09-02T15:24:07+00:00","og_image":[{"url":"https:\/\/zluftaj.si\/wp-content\/uploads\/2024\/03\/haori-klima-toshiba-2-300x300.jpg","type":"","width":"","height":""}],"twitter_card":"summary_large_image","schema":{"@context":"https:\/\/schema.org","@graph":[{"@type":"WebPage","@id":"https:\/\/zluftaj.si\/hr\/klima-uredaji\/","url":"https:\/\/zluftaj.si\/hr\/klima-uredaji\/","name":"Klima ure\u0111aji - zluftaj.si","isPartOf":{"@id":"https:\/\/zluftaj.si\/hr\/#website"},"primaryImageOfPage":{"@id":"https:\/\/zluftaj.si\/hr\/klima-uredaji\/#primaryimage"},"image":{"@id":"https:\/\/zluftaj.si\/hr\/klima-uredaji\/#primaryimage"},"thumbnailUrl":"https:\/\/zluftaj.si\/wp-content\/uploads\/2024\/03\/haori-klima-toshiba-2-300x300.jpg","datePublished":"2024-03-27T08:37:15+00:00","dateModified":"2024-09-02T15:24:07+00:00","description":"Dobro do\u0161li u najbolji izbor Toshiba klima ure\u0111aja. Vrhunska kvaliteta i zavidan dizajn.","breadcrumb":{"@id":"https:\/\/zluftaj.si\/hr\/klima-uredaji\/#breadcrumb"},"inLanguage":"hr","potentialAction":[{"@type":"ReadAction","target":["https:\/\/zluftaj.si\/hr\/klima-uredaji\/"]}]},{"@type":"ImageObject","inLanguage":"hr","@id":"https:\/\/zluftaj.si\/hr\/klima-uredaji\/#primaryimage","url":"https:\/\/zluftaj.si\/wp-content\/uploads\/2024\/03\/haori-klima-toshiba-2-300x300.jpg","contentUrl":"https:\/\/zluftaj.si\/wp-content\/uploads\/2024\/03\/haori-klima-toshiba-2-300x300.jpg"},{"@type":"BreadcrumbList","@id":"https:\/\/zluftaj.si\/hr\/klima-uredaji\/#breadcrumb","itemListElement":[{"@type":"ListItem","position":1,"name":"Home","item":"https:\/\/zluftaj.si\/hr\/pocetna-stran\/"},{"@type":"ListItem","position":2,"name":"Klima ure\u0111aji"}]},{"@type":"WebSite","@id":"https:\/\/zluftaj.si\/hr\/#website","url":"https:\/\/zluftaj.si\/hr\/","name":"zluftaj.si","description":"prezra\u010di dom","publisher":{"@id":"https:\/\/zluftaj.si\/hr\/#organization"},"potentialAction":[{"@type":"SearchAction","target":{"@type":"EntryPoint","urlTemplate":"https:\/\/zluftaj.si\/hr\/?s={search_term_string}"},"query-input":{"@type":"PropertyValueSpecification","valueRequired":true,"valueName":"search_term_string"}}],"inLanguage":"hr"},{"@type":"Organization","@id":"https:\/\/zluftaj.si\/hr\/#organization","name":"zluftaj.si","url":"https:\/\/zluftaj.si\/hr\/","logo":{"@type":"ImageObject","inLanguage":"hr","@id":"https:\/\/zluftaj.si\/hr\/#\/schema\/logo\/image\/","url":"https:\/\/zluftaj.si\/wp-content\/uploads\/2023\/02\/cropped-logo_bel.png","contentUrl":"https:\/\/zluftaj.si\/wp-content\/uploads\/2023\/02\/cropped-logo_bel.png","width":1072,"height":282,"caption":"zluftaj.si"},"image":{"@id":"https:\/\/zluftaj.si\/hr\/#\/schema\/logo\/image\/"}}]}},"_links":{"self":[{"href":"https:\/\/zluftaj.si\/hr\/wp-json\/wp\/v2\/pages\/3125","targetHints":{"allow":["GET"]}}],"collection":[{"href":"https:\/\/zluftaj.si\/hr\/wp-json\/wp\/v2\/pages"}],"about":[{"href":"https:\/\/zluftaj.si\/hr\/wp-json\/wp\/v2\/types\/page"}],"author":[{"embeddable":true,"href":"https:\/\/zluftaj.si\/hr\/wp-json\/wp\/v2\/users\/2"}],"replies":[{"embeddable":true,"href":"https:\/\/zluftaj.si\/hr\/wp-json\/wp\/v2\/comments?post=3125"}],"version-history":[{"count":3,"href":"https:\/\/zluftaj.si\/hr\/wp-json\/wp\/v2\/pages\/3125\/revisions"}],"predecessor-version":[{"id":3130,"href":"https:\/\/zluftaj.si\/hr\/wp-json\/wp\/v2\/pages\/3125\/revisions\/3130"}],"wp:attachment":[{"href":"https:\/\/zluftaj.si\/hr\/wp-json\/wp\/v2\/media?parent=3125"}],"curies":[{"name":"wp","href":"https:\/\/api.w.org\/{rel}","templated":true}]}}