{"id":4107,"date":"2024-12-10T15:23:08","date_gmt":"2024-12-10T15:23:08","guid":{"rendered":"https:\/\/zluftaj.si\/centralni-rekuperatori\/"},"modified":"2024-12-13T17:20:58","modified_gmt":"2024-12-13T17:20:58","slug":"centralni-rekuperatori","status":"publish","type":"page","link":"https:\/\/zluftaj.si\/hr\/centralni-rekuperatori\/","title":{"rendered":"Centralni rekuperatori"},"content":{"rendered":"\t\t<div data-elementor-type=\"wp-page\" data-elementor-id=\"4107\" class=\"elementor elementor-4107 elementor-4105\">\n\t\t\t\t\t\t<section class=\"elementor-section elementor-top-section elementor-element elementor-element-5254fc1 elementor-section-boxed elementor-section-height-default elementor-section-height-default\" data-id=\"5254fc1\" data-element_type=\"section\" data-e-type=\"section\" data-settings=\"{&quot;background_background&quot;:&quot;classic&quot;,&quot;animation&quot;:&quot;none&quot;}\">\n\t\t\t\t\t\t<div class=\"elementor-container elementor-column-gap-default\">\n\t\t\t\t\t<div class=\"elementor-column elementor-col-100 elementor-top-column elementor-element elementor-element-614855c\" data-id=\"614855c\" data-element_type=\"column\" data-e-type=\"column\" data-settings=\"{&quot;background_background&quot;:&quot;classic&quot;}\">\n\t\t\t<div class=\"elementor-widget-wrap elementor-element-populated\">\n\t\t\t\t\t\t<div class=\"elementor-element elementor-element-0632dba elementor-widget elementor-widget-heading\" data-id=\"0632dba\" data-element_type=\"widget\" data-e-type=\"widget\" data-widget_type=\"heading.default\">\n\t\t\t\t<div class=\"elementor-widget-container\">\n\t\t\t\t\t<h2 class=\"elementor-heading-title elementor-size-default\">Odr\u017eavajte svoj dom ili radno mjesto svje\u017eim.<\/h2>\t\t\t\t<\/div>\n\t\t\t\t<\/div>\n\t\t\t\t\t<\/div>\n\t\t<\/div>\n\t\t\t\t\t<\/div>\n\t\t<\/section>\n\t\t\t\t<section class=\"elementor-section elementor-top-section elementor-element elementor-element-5afa90c elementor-section-boxed elementor-section-height-default elementor-section-height-default\" data-id=\"5afa90c\" data-element_type=\"section\" data-e-type=\"section\">\n\t\t\t\t\t\t<div class=\"elementor-container elementor-column-gap-default\">\n\t\t\t\t\t<div class=\"elementor-column elementor-col-100 elementor-top-column elementor-element elementor-element-db3c28a\" data-id=\"db3c28a\" data-element_type=\"column\" data-e-type=\"column\">\n\t\t\t<div class=\"elementor-widget-wrap elementor-element-populated\">\n\t\t\t\t\t\t<div class=\"elementor-element elementor-element-07d4c80 elementor-widget elementor-widget-text-editor\" data-id=\"07d4c80\" data-element_type=\"widget\" data-e-type=\"widget\" data-widget_type=\"text-editor.default\">\n\t\t\t\t<div class=\"elementor-widget-container\">\n\t\t\t\t\t\t\t\t\t<p style=\"text-align: center;\">Zdravlje je na prvom mjestu, stoga je kvaliteta zraka koji udi\u0161emo jo\u0161 va\u017enija.  <\/p>\n<p style=\"text-align: center;\"><span style=\"background-color: var( --e-global-color-astglobalcolor5 ); color: var( --e-global-color-text ); font-family: var( --e-global-typography-text-font-family ), Sans-serif; font-style: inherit; font-weight: inherit; letter-spacing: 0.7px;\">Rekuperacija zraka omogu\u0107uje nam da i kod ku\u0107e i na poslu udi\u0161emo \u010dist i pravilno ovla\u017een zrak, \u0161to<\/span> <span style=\"font-style: inherit; font-weight: inherit; color: var( --e-global-color-text ); font-family: var( --e-global-typography-text-font-family ), Sans-serif; letter-spacing: 0.7px; background-color: var( --e-global-color-astglobalcolor5 );\">nam olak\u0161ava razmi\u0161ljanje, bolje raspolo\u017eenje i smanjuje rizik od te\u0161kih bolesti.<\/span> <span style=\"font-style: inherit; font-weight: inherit; color: var( --e-global-color-text ); font-family: var( --e-global-typography-text-font-family ), Sans-serif; letter-spacing: 0.7px; background-color: var( --e-global-color-astglobalcolor5 );\"><br \/><\/span><\/p>\n<p style=\"text-align: center;\"><span style=\"font-style: inherit; font-weight: inherit; color: var( --e-global-color-text ); font-family: var( --e-global-typography-text-font-family ), Sans-serif; letter-spacing: 0.7px; background-color: var( --e-global-color-astglobalcolor5 );\">Pro\u0161e\u0107ite na\u0161om ponudom i odaberite kvalitetan rekuperator zraka. Za vi\u0161e  <\/span><span style=\"font-style: inherit; font-weight: inherit; color: var( --e-global-color-text ); font-family: var( --e-global-typography-text-font-family ), Sans-serif; letter-spacing: 0.7px; background-color: var( --e-global-color-astglobalcolor5 );\">informacije, tako\u0111er nas mo\u017eete kontaktirati i rado \u0107emo vas savjetovati.<\/span><\/p>\n\t\t\t\t\t\t\t\t<\/div>\n\t\t\t\t<\/div>\n\t\t\t\t\t<\/div>\n\t\t<\/div>\n\t\t\t\t\t<\/div>\n\t\t<\/section>\n\t\t\t\t<section class=\"elementor-section elementor-top-section elementor-element elementor-element-e9007c2 elementor-section-boxed elementor-section-height-default elementor-section-height-default\" data-id=\"e9007c2\" data-element_type=\"section\" data-e-type=\"section\">\n\t\t\t\t\t\t<div class=\"elementor-container elementor-column-gap-default\">\n\t\t\t\t\t<div class=\"elementor-column elementor-col-33 elementor-top-column elementor-element elementor-element-56bdb93\" data-id=\"56bdb93\" data-element_type=\"column\" data-e-type=\"column\">\n\t\t\t<div class=\"elementor-widget-wrap\">\n\t\t\t\t\t\t\t<\/div>\n\t\t<\/div>\n\t\t\t\t<div class=\"elementor-column elementor-col-33 elementor-top-column elementor-element elementor-element-a17db5b\" data-id=\"a17db5b\" data-element_type=\"column\" data-e-type=\"column\" data-settings=\"{&quot;background_background&quot;:&quot;gradient&quot;}\">\n\t\t\t<div class=\"elementor-widget-wrap elementor-element-populated\">\n\t\t\t\t\t\t<div class=\"elementor-element elementor-element-00a1978 elementor-invisible elementor-widget elementor-widget-heading\" data-id=\"00a1978\" data-element_type=\"widget\" data-e-type=\"widget\" data-settings=\"{&quot;_animation&quot;:&quot;fadeIn&quot;}\" data-widget_type=\"heading.default\">\n\t\t\t\t<div class=\"elementor-widget-container\">\n\t\t\t\t\t<h2 class=\"elementor-heading-title elementor-size-default\"><a href=\"https:\/\/zluftaj.si\/hr\/zehnder-comfoair-fit-100\/\">Zehnder ComfoAir Fit 100<\/a><\/h2>\t\t\t\t<\/div>\n\t\t\t\t<\/div>\n\t\t\t\t<div class=\"elementor-element elementor-element-8631a2e elementor-widget elementor-widget-image\" data-id=\"8631a2e\" data-element_type=\"widget\" data-e-type=\"widget\" data-widget_type=\"image.default\">\n\t\t\t\t<div class=\"elementor-widget-container\">\n\t\t\t\t\t\t\t\t\t\t\t\t\t\t\t\t<a href=\"https:\/\/zluftaj.si\/hr\/zehnder-comfoair-fit-100\/\">\n\t\t\t\t\t\t\t<img fetchpriority=\"high\" decoding=\"async\" width=\"300\" height=\"300\" src=\"https:\/\/zluftaj.si\/wp-content\/uploads\/2024\/12\/Zehnder_CSY_ComfoAirFit100_Setup1_Shadow_Persp-300x300.jpg\" class=\"attachment-medium size-medium wp-image-4023\" alt=\"\" srcset=\"https:\/\/zluftaj.si\/wp-content\/uploads\/2024\/12\/Zehnder_CSY_ComfoAirFit100_Setup1_Shadow_Persp-300x300.jpg 300w, https:\/\/zluftaj.si\/wp-content\/uploads\/2024\/12\/Zehnder_CSY_ComfoAirFit100_Setup1_Shadow_Persp-1024x1024.jpg 1024w, https:\/\/zluftaj.si\/wp-content\/uploads\/2024\/12\/Zehnder_CSY_ComfoAirFit100_Setup1_Shadow_Persp-150x150.jpg 150w, https:\/\/zluftaj.si\/wp-content\/uploads\/2024\/12\/Zehnder_CSY_ComfoAirFit100_Setup1_Shadow_Persp-768x768.jpg 768w, https:\/\/zluftaj.si\/wp-content\/uploads\/2024\/12\/Zehnder_CSY_ComfoAirFit100_Setup1_Shadow_Persp-1536x1536.jpg 1536w, https:\/\/zluftaj.si\/wp-content\/uploads\/2024\/12\/Zehnder_CSY_ComfoAirFit100_Setup1_Shadow_Persp.jpg 1600w\" sizes=\"(max-width: 300px) 100vw, 300px\" \/>\t\t\t\t\t\t\t\t<\/a>\n\t\t\t\t\t\t\t\t\t\t\t\t\t\t\t<\/div>\n\t\t\t\t<\/div>\n\t\t\t\t\t<\/div>\n\t\t<\/div>\n\t\t\t\t<div class=\"elementor-column elementor-col-33 elementor-top-column elementor-element elementor-element-10bf03e\" data-id=\"10bf03e\" data-element_type=\"column\" data-e-type=\"column\">\n\t\t\t<div class=\"elementor-widget-wrap\">\n\t\t\t\t\t\t\t<\/div>\n\t\t<\/div>\n\t\t\t\t\t<\/div>\n\t\t<\/section>\n\t\t\t\t<section class=\"elementor-section elementor-top-section elementor-element elementor-element-6d84010 elementor-section-boxed elementor-section-height-default elementor-section-height-default\" data-id=\"6d84010\" data-element_type=\"section\" data-e-type=\"section\">\n\t\t\t\t\t\t<div class=\"elementor-container elementor-column-gap-default\">\n\t\t\t\t\t<div class=\"elementor-column elementor-col-100 elementor-top-column elementor-element elementor-element-64e251e\" data-id=\"64e251e\" data-element_type=\"column\" data-e-type=\"column\">\n\t\t\t<div class=\"elementor-widget-wrap elementor-element-populated\">\n\t\t\t\t\t\t<div class=\"elementor-element elementor-element-c6519b5 elementor-widget elementor-widget-spacer\" data-id=\"c6519b5\" data-element_type=\"widget\" data-e-type=\"widget\" data-widget_type=\"spacer.default\">\n\t\t\t\t<div class=\"elementor-widget-container\">\n\t\t\t\t\t\t\t<div class=\"elementor-spacer\">\n\t\t\t<div class=\"elementor-spacer-inner\"><\/div>\n\t\t<\/div>\n\t\t\t\t\t\t<\/div>\n\t\t\t\t<\/div>\n\t\t\t\t\t<\/div>\n\t\t<\/div>\n\t\t\t\t\t<\/div>\n\t\t<\/section>\n\t\t\t\t<section class=\"elementor-section elementor-top-section elementor-element elementor-element-2a4af9a elementor-section-boxed elementor-section-height-default elementor-section-height-default\" data-id=\"2a4af9a\" data-element_type=\"section\" data-e-type=\"section\">\n\t\t\t\t\t\t<div class=\"elementor-container elementor-column-gap-default\">\n\t\t\t\t\t<div class=\"elementor-column elementor-col-100 elementor-top-column elementor-element elementor-element-cea4937\" data-id=\"cea4937\" data-element_type=\"column\" data-e-type=\"column\">\n\t\t\t<div class=\"elementor-widget-wrap elementor-element-populated\">\n\t\t\t\t\t\t<div class=\"elementor-element elementor-element-8b99868 elementor-widget elementor-widget-image\" data-id=\"8b99868\" data-element_type=\"widget\" data-e-type=\"widget\" data-widget_type=\"image.default\">\n\t\t\t\t<div class=\"elementor-widget-container\">\n\t\t\t\t\t\t\t\t\t\t\t\t\t\t\t\t<a href=\"https:\/\/zluftaj.si\/hr\/obrocno-placanje-uz-leanpay\/\">\n\t\t\t\t\t\t\t<img decoding=\"async\" width=\"974\" height=\"283\" src=\"https:\/\/zluftaj.si\/wp-content\/uploads\/2024\/09\/leanpay.jpg\" class=\"attachment-large size-large wp-image-3565\" alt=\"\" srcset=\"https:\/\/zluftaj.si\/wp-content\/uploads\/2024\/09\/leanpay.jpg 974w, https:\/\/zluftaj.si\/wp-content\/uploads\/2024\/09\/leanpay-300x87.jpg 300w, https:\/\/zluftaj.si\/wp-content\/uploads\/2024\/09\/leanpay-768x223.jpg 768w\" sizes=\"(max-width: 974px) 100vw, 974px\" \/>\t\t\t\t\t\t\t\t<\/a>\n\t\t\t\t\t\t\t\t\t\t\t\t\t\t\t<\/div>\n\t\t\t\t<\/div>\n\t\t\t\t\t<\/div>\n\t\t<\/div>\n\t\t\t\t\t<\/div>\n\t\t<\/section>\n\t\t\t\t<\/div>\n\t\t","protected":false},"excerpt":{"rendered":"<p>Odr\u017eavajte svoj dom ili radno mjesto svje\u017eim. Zdravlje je na prvom mjestu, stoga je kvaliteta zraka koji udi\u0161emo jo\u0161 va\u017enija. Rekuperacija zraka omogu\u0107uje nam da i kod ku\u0107e i na poslu udi\u0161emo \u010dist i pravilno ovla\u017een zrak, \u0161to nam olak\u0161ava razmi\u0161ljanje, bolje raspolo\u017eenje i smanjuje rizik od te\u0161kih bolesti. Pro\u0161e\u0107ite na\u0161om ponudom i odaberite kvalitetan [&hellip;]<\/p>\n","protected":false},"author":2,"featured_media":0,"parent":0,"menu_order":0,"comment_status":"closed","ping_status":"closed","template":"","meta":{"site-sidebar-layout":"no-sidebar","site-content-layout":"page-builder","ast-site-content-layout":"full-width-container","site-content-style":"default","site-sidebar-style":"default","ast-global-header-display":"","ast-banner-title-visibility":"","ast-main-header-display":"","ast-hfb-above-header-display":"","ast-hfb-below-header-display":"","ast-hfb-mobile-header-display":"","site-post-title":"disabled","ast-breadcrumbs-content":"","ast-featured-img":"disabled","footer-sml-layout":"","ast-disable-related-posts":"","theme-transparent-header-meta":"","adv-header-id-meta":"","stick-header-meta":"","header-above-stick-meta":"","header-main-stick-meta":"","header-below-stick-meta":"","astra-migrate-meta-layouts":"default","ast-page-background-enabled":"default","ast-page-background-meta":{"desktop":{"background-color":"var(--ast-global-color-4)","background-image":"","background-repeat":"repeat","background-position":"center center","background-size":"auto","background-attachment":"scroll","background-type":"","background-media":"","overlay-type":"","overlay-color":"","overlay-opacity":"","overlay-gradient":""},"tablet":{"background-color":"","background-image":"","background-repeat":"repeat","background-position":"center center","background-size":"auto","background-attachment":"scroll","background-type":"","background-media":"","overlay-type":"","overlay-color":"","overlay-opacity":"","overlay-gradient":""},"mobile":{"background-color":"","background-image":"","background-repeat":"repeat","background-position":"center center","background-size":"auto","background-attachment":"scroll","background-type":"","background-media":"","overlay-type":"","overlay-color":"","overlay-opacity":"","overlay-gradient":""}},"ast-content-background-meta":{"desktop":{"background-color":"var(--ast-global-color-5)","background-image":"","background-repeat":"repeat","background-position":"center center","background-size":"auto","background-attachment":"scroll","background-type":"","background-media":"","overlay-type":"","overlay-color":"","overlay-opacity":"","overlay-gradient":""},"tablet":{"background-color":"var(--ast-global-color-5)","background-image":"","background-repeat":"repeat","background-position":"center center","background-size":"auto","background-attachment":"scroll","background-type":"","background-media":"","overlay-type":"","overlay-color":"","overlay-opacity":"","overlay-gradient":""},"mobile":{"background-color":"var(--ast-global-color-5)","background-image":"","background-repeat":"repeat","background-position":"center center","background-size":"auto","background-attachment":"scroll","background-type":"","background-media":"","overlay-type":"","overlay-color":"","overlay-opacity":"","overlay-gradient":""}},"footnotes":""},"class_list":["post-4107","page","type-page","status-publish","hentry"],"yoast_head":"<!-- This site is optimized with the Yoast SEO plugin v27.4 - https:\/\/yoast.com\/product\/yoast-seo-wordpress\/ -->\n<title>Centralni rekuperatori - zluftaj.si<\/title>\n<meta name=\"robots\" content=\"index, follow, max-snippet:-1, max-image-preview:large, max-video-preview:-1\" \/>\n<link rel=\"canonical\" href=\"https:\/\/zluftaj.si\/hr\/centralni-rekuperatori\/\" \/>\n<meta property=\"og:locale\" content=\"hr_HR\" \/>\n<meta property=\"og:type\" content=\"article\" \/>\n<meta property=\"og:title\" content=\"Centralni rekuperatori - zluftaj.si\" \/>\n<meta property=\"og:description\" content=\"Odr\u017eavajte svoj dom ili radno mjesto svje\u017eim. Zdravlje je na prvom mjestu, stoga je kvaliteta zraka koji udi\u0161emo jo\u0161 va\u017enija. Rekuperacija zraka omogu\u0107uje nam da i kod ku\u0107e i na poslu udi\u0161emo \u010dist i pravilno ovla\u017een zrak, \u0161to nam olak\u0161ava razmi\u0161ljanje, bolje raspolo\u017eenje i smanjuje rizik od te\u0161kih bolesti. Pro\u0161e\u0107ite na\u0161om ponudom i odaberite kvalitetan [&hellip;]\" \/>\n<meta property=\"og:url\" content=\"https:\/\/zluftaj.si\/hr\/centralni-rekuperatori\/\" \/>\n<meta property=\"og:site_name\" content=\"zluftaj.si\" \/>\n<meta property=\"article:modified_time\" content=\"2024-12-13T17:20:58+00:00\" \/>\n<meta property=\"og:image\" content=\"https:\/\/zluftaj.si\/wp-content\/uploads\/2024\/12\/Zehnder_CSY_ComfoAirFit100_Setup1_Shadow_Persp.jpg\" \/>\n\t<meta property=\"og:image:width\" content=\"1600\" \/>\n\t<meta property=\"og:image:height\" content=\"1600\" \/>\n\t<meta property=\"og:image:type\" content=\"image\/jpeg\" \/>\n<meta name=\"twitter:card\" content=\"summary_large_image\" \/>\n<meta name=\"twitter:label1\" content=\"Procijenjeno vrijeme \u010ditanja\" \/>\n\t<meta name=\"twitter:data1\" content=\"1 minuta\" \/>\n<script type=\"application\/ld+json\" class=\"yoast-schema-graph\">{\"@context\":\"https:\\\/\\\/schema.org\",\"@graph\":[{\"@type\":\"WebPage\",\"@id\":\"https:\\\/\\\/zluftaj.si\\\/hr\\\/centralni-rekuperatori\\\/\",\"url\":\"https:\\\/\\\/zluftaj.si\\\/hr\\\/centralni-rekuperatori\\\/\",\"name\":\"Centralni rekuperatori - zluftaj.si\",\"isPartOf\":{\"@id\":\"https:\\\/\\\/zluftaj.si\\\/hr\\\/#website\"},\"primaryImageOfPage\":{\"@id\":\"https:\\\/\\\/zluftaj.si\\\/hr\\\/centralni-rekuperatori\\\/#primaryimage\"},\"image\":{\"@id\":\"https:\\\/\\\/zluftaj.si\\\/hr\\\/centralni-rekuperatori\\\/#primaryimage\"},\"thumbnailUrl\":\"https:\\\/\\\/zluftaj.si\\\/wp-content\\\/uploads\\\/2024\\\/12\\\/Zehnder_CSY_ComfoAirFit100_Setup1_Shadow_Persp-300x300.jpg\",\"datePublished\":\"2024-12-10T15:23:08+00:00\",\"dateModified\":\"2024-12-13T17:20:58+00:00\",\"breadcrumb\":{\"@id\":\"https:\\\/\\\/zluftaj.si\\\/hr\\\/centralni-rekuperatori\\\/#breadcrumb\"},\"inLanguage\":\"hr\",\"potentialAction\":[{\"@type\":\"ReadAction\",\"target\":[\"https:\\\/\\\/zluftaj.si\\\/hr\\\/centralni-rekuperatori\\\/\"]}]},{\"@type\":\"ImageObject\",\"inLanguage\":\"hr\",\"@id\":\"https:\\\/\\\/zluftaj.si\\\/hr\\\/centralni-rekuperatori\\\/#primaryimage\",\"url\":\"https:\\\/\\\/zluftaj.si\\\/wp-content\\\/uploads\\\/2024\\\/12\\\/Zehnder_CSY_ComfoAirFit100_Setup1_Shadow_Persp-300x300.jpg\",\"contentUrl\":\"https:\\\/\\\/zluftaj.si\\\/wp-content\\\/uploads\\\/2024\\\/12\\\/Zehnder_CSY_ComfoAirFit100_Setup1_Shadow_Persp-300x300.jpg\"},{\"@type\":\"BreadcrumbList\",\"@id\":\"https:\\\/\\\/zluftaj.si\\\/hr\\\/centralni-rekuperatori\\\/#breadcrumb\",\"itemListElement\":[{\"@type\":\"ListItem\",\"position\":1,\"name\":\"Home\",\"item\":\"https:\\\/\\\/zluftaj.si\\\/hr\\\/pocetna-stran\\\/\"},{\"@type\":\"ListItem\",\"position\":2,\"name\":\"Centralni rekuperatori\"}]},{\"@type\":\"WebSite\",\"@id\":\"https:\\\/\\\/zluftaj.si\\\/hr\\\/#website\",\"url\":\"https:\\\/\\\/zluftaj.si\\\/hr\\\/\",\"name\":\"zluftaj.si\",\"description\":\"prezra\u010di dom\",\"publisher\":{\"@id\":\"https:\\\/\\\/zluftaj.si\\\/hr\\\/#organization\"},\"potentialAction\":[{\"@type\":\"SearchAction\",\"target\":{\"@type\":\"EntryPoint\",\"urlTemplate\":\"https:\\\/\\\/zluftaj.si\\\/hr\\\/?s={search_term_string}\"},\"query-input\":{\"@type\":\"PropertyValueSpecification\",\"valueRequired\":true,\"valueName\":\"search_term_string\"}}],\"inLanguage\":\"hr\"},{\"@type\":\"Organization\",\"@id\":\"https:\\\/\\\/zluftaj.si\\\/hr\\\/#organization\",\"name\":\"zluftaj.si\",\"url\":\"https:\\\/\\\/zluftaj.si\\\/hr\\\/\",\"logo\":{\"@type\":\"ImageObject\",\"inLanguage\":\"hr\",\"@id\":\"https:\\\/\\\/zluftaj.si\\\/hr\\\/#\\\/schema\\\/logo\\\/image\\\/\",\"url\":\"https:\\\/\\\/zluftaj.si\\\/wp-content\\\/uploads\\\/2023\\\/02\\\/cropped-logo_bel.png\",\"contentUrl\":\"https:\\\/\\\/zluftaj.si\\\/wp-content\\\/uploads\\\/2023\\\/02\\\/cropped-logo_bel.png\",\"width\":1072,\"height\":282,\"caption\":\"zluftaj.si\"},\"image\":{\"@id\":\"https:\\\/\\\/zluftaj.si\\\/hr\\\/#\\\/schema\\\/logo\\\/image\\\/\"}}]}<\/script>\n<!-- \/ Yoast SEO plugin. -->","yoast_head_json":{"title":"Centralni rekuperatori - zluftaj.si","robots":{"index":"index","follow":"follow","max-snippet":"max-snippet:-1","max-image-preview":"max-image-preview:large","max-video-preview":"max-video-preview:-1"},"canonical":"https:\/\/zluftaj.si\/hr\/centralni-rekuperatori\/","og_locale":"hr_HR","og_type":"article","og_title":"Centralni rekuperatori - zluftaj.si","og_description":"Odr\u017eavajte svoj dom ili radno mjesto svje\u017eim. Zdravlje je na prvom mjestu, stoga je kvaliteta zraka koji udi\u0161emo jo\u0161 va\u017enija. Rekuperacija zraka omogu\u0107uje nam da i kod ku\u0107e i na poslu udi\u0161emo \u010dist i pravilno ovla\u017een zrak, \u0161to nam olak\u0161ava razmi\u0161ljanje, bolje raspolo\u017eenje i smanjuje rizik od te\u0161kih bolesti. Pro\u0161e\u0107ite na\u0161om ponudom i odaberite kvalitetan [&hellip;]","og_url":"https:\/\/zluftaj.si\/hr\/centralni-rekuperatori\/","og_site_name":"zluftaj.si","article_modified_time":"2024-12-13T17:20:58+00:00","og_image":[{"width":1600,"height":1600,"url":"https:\/\/zluftaj.si\/wp-content\/uploads\/2024\/12\/Zehnder_CSY_ComfoAirFit100_Setup1_Shadow_Persp.jpg","type":"image\/jpeg"}],"twitter_card":"summary_large_image","twitter_misc":{"Procijenjeno vrijeme \u010ditanja":"1 minuta"},"schema":{"@context":"https:\/\/schema.org","@graph":[{"@type":"WebPage","@id":"https:\/\/zluftaj.si\/hr\/centralni-rekuperatori\/","url":"https:\/\/zluftaj.si\/hr\/centralni-rekuperatori\/","name":"Centralni rekuperatori - zluftaj.si","isPartOf":{"@id":"https:\/\/zluftaj.si\/hr\/#website"},"primaryImageOfPage":{"@id":"https:\/\/zluftaj.si\/hr\/centralni-rekuperatori\/#primaryimage"},"image":{"@id":"https:\/\/zluftaj.si\/hr\/centralni-rekuperatori\/#primaryimage"},"thumbnailUrl":"https:\/\/zluftaj.si\/wp-content\/uploads\/2024\/12\/Zehnder_CSY_ComfoAirFit100_Setup1_Shadow_Persp-300x300.jpg","datePublished":"2024-12-10T15:23:08+00:00","dateModified":"2024-12-13T17:20:58+00:00","breadcrumb":{"@id":"https:\/\/zluftaj.si\/hr\/centralni-rekuperatori\/#breadcrumb"},"inLanguage":"hr","potentialAction":[{"@type":"ReadAction","target":["https:\/\/zluftaj.si\/hr\/centralni-rekuperatori\/"]}]},{"@type":"ImageObject","inLanguage":"hr","@id":"https:\/\/zluftaj.si\/hr\/centralni-rekuperatori\/#primaryimage","url":"https:\/\/zluftaj.si\/wp-content\/uploads\/2024\/12\/Zehnder_CSY_ComfoAirFit100_Setup1_Shadow_Persp-300x300.jpg","contentUrl":"https:\/\/zluftaj.si\/wp-content\/uploads\/2024\/12\/Zehnder_CSY_ComfoAirFit100_Setup1_Shadow_Persp-300x300.jpg"},{"@type":"BreadcrumbList","@id":"https:\/\/zluftaj.si\/hr\/centralni-rekuperatori\/#breadcrumb","itemListElement":[{"@type":"ListItem","position":1,"name":"Home","item":"https:\/\/zluftaj.si\/hr\/pocetna-stran\/"},{"@type":"ListItem","position":2,"name":"Centralni rekuperatori"}]},{"@type":"WebSite","@id":"https:\/\/zluftaj.si\/hr\/#website","url":"https:\/\/zluftaj.si\/hr\/","name":"zluftaj.si","description":"prezra\u010di dom","publisher":{"@id":"https:\/\/zluftaj.si\/hr\/#organization"},"potentialAction":[{"@type":"SearchAction","target":{"@type":"EntryPoint","urlTemplate":"https:\/\/zluftaj.si\/hr\/?s={search_term_string}"},"query-input":{"@type":"PropertyValueSpecification","valueRequired":true,"valueName":"search_term_string"}}],"inLanguage":"hr"},{"@type":"Organization","@id":"https:\/\/zluftaj.si\/hr\/#organization","name":"zluftaj.si","url":"https:\/\/zluftaj.si\/hr\/","logo":{"@type":"ImageObject","inLanguage":"hr","@id":"https:\/\/zluftaj.si\/hr\/#\/schema\/logo\/image\/","url":"https:\/\/zluftaj.si\/wp-content\/uploads\/2023\/02\/cropped-logo_bel.png","contentUrl":"https:\/\/zluftaj.si\/wp-content\/uploads\/2023\/02\/cropped-logo_bel.png","width":1072,"height":282,"caption":"zluftaj.si"},"image":{"@id":"https:\/\/zluftaj.si\/hr\/#\/schema\/logo\/image\/"}}]}},"_links":{"self":[{"href":"https:\/\/zluftaj.si\/hr\/wp-json\/wp\/v2\/pages\/4107","targetHints":{"allow":["GET"]}}],"collection":[{"href":"https:\/\/zluftaj.si\/hr\/wp-json\/wp\/v2\/pages"}],"about":[{"href":"https:\/\/zluftaj.si\/hr\/wp-json\/wp\/v2\/types\/page"}],"author":[{"embeddable":true,"href":"https:\/\/zluftaj.si\/hr\/wp-json\/wp\/v2\/users\/2"}],"replies":[{"embeddable":true,"href":"https:\/\/zluftaj.si\/hr\/wp-json\/wp\/v2\/comments?post=4107"}],"version-history":[{"count":9,"href":"https:\/\/zluftaj.si\/hr\/wp-json\/wp\/v2\/pages\/4107\/revisions"}],"predecessor-version":[{"id":4208,"href":"https:\/\/zluftaj.si\/hr\/wp-json\/wp\/v2\/pages\/4107\/revisions\/4208"}],"wp:attachment":[{"href":"https:\/\/zluftaj.si\/hr\/wp-json\/wp\/v2\/media?parent=4107"}],"curies":[{"name":"wp","href":"https:\/\/api.w.org\/{rel}","templated":true}]}}